{"id":358,"date":"2025-02-08T22:49:50","date_gmt":"2025-02-08T21:49:50","guid":{"rendered":"https:\/\/spvl.fr\/?page_id=358"},"modified":"2025-02-08T22:51:19","modified_gmt":"2025-02-08T21:51:19","slug":"les-sites","status":"publish","type":"page","link":"https:\/\/spvl.fr\/index.php\/les-sites\/","title":{"rendered":"Les sites"},"content":{"rendered":"\n<p>retrouvez ici la carte et les sites de vol !<\/p>\n\n\n\n<figure class=\"wp-block-image size-full is-resized\"><a href=\"https:\/\/www.google.com\/maps\/d\/viewer?mid=1Y8OJ7Byx6nnrj24ctiC0H5BYQuJ-FN4&amp;ll=44.55450342346146%2C6.347732216796889&amp;z=11\" target=\"_blank\" rel=\" noreferrer noopener\"><img loading=\"lazy\" decoding=\"async\" width=\"564\" height=\"434\" src=\"https:\/\/spvl.fr\/wp-content\/uploads\/2025\/02\/2025-02-08-Carte-des-sites.jpg\" alt=\"\" class=\"wp-image-362\" style=\"width:563px;height:auto\" srcset=\"https:\/\/spvl.fr\/wp-content\/uploads\/2025\/02\/2025-02-08-Carte-des-sites.jpg 564w, https:\/\/spvl.fr\/wp-content\/uploads\/2025\/02\/2025-02-08-Carte-des-sites-300x231.jpg 300w\" sizes=\"auto, (max-width: 564px) 100vw, 564px\" \/><\/a><\/figure>\n\n\n\n<p class=\"has-medium-font-size\"><strong>Les atterrissages : <\/strong><br><a href=\"https:\/\/spvl.fr\/index.php\/1-atterrissage-du-stade-de-chorges\/\" data-type=\"page\" data-id=\"233\">Atterrissage du stade de Chorges<\/a><br><a href=\"https:\/\/spvl.fr\/index.php\/2-la-batie-neuve\/\" data-type=\"page\" data-id=\"238\">Atterrissage La Batie-Neuve<\/a><\/p>\n\n\n\n<p><strong>Les d\u00e9collages : <\/strong><br><a href=\"https:\/\/spvl.fr\/index.php\/decollage-1sm\/\" data-type=\"page\" data-id=\"158\">Serre Mich\u00e8le<\/a><br><a href=\"https:\/\/spvl.fr\/index.php\/champ-froid\/\" data-type=\"page\" data-id=\"163\">Champ Froid<\/a><br><a href=\"https:\/\/spvl.fr\/index.php\/3-les-jambons-autane-sur-les-cartes-ign\/\" data-type=\"page\" data-id=\"173\">Les Jambons<\/a><br><a href=\"https:\/\/spvl.fr\/index.php\/4-pra-gasta\/\" data-type=\"page\" data-id=\"181\">Pra Gasta<\/a><br><a href=\"https:\/\/spvl.fr\/index.php\/5-les-ballons-pas-de-nom-sur-les-cartes-ign-situe-un-peu-au-nw-de-serre-la-croix\/\" data-type=\"page\" data-id=\"185\">Les Ballons<\/a><br><a href=\"https:\/\/spvl.fr\/index.php\/6-la-croix-serre-la-croix-sur-les-cartes-ign\/\" data-type=\"page\" data-id=\"189\">La Croix<\/a><br><a href=\"https:\/\/spvl.fr\/index.php\/7-clot-rond\/\" data-type=\"page\" data-id=\"193\">Clot Rond<\/a><br><a href=\"https:\/\/spvl.fr\/index.php\/8-petit-clot-rond\/\" data-type=\"page\" data-id=\"198\">\u2018\u2019Petit\u2019\u2019 Clot Rond<\/a><br><a href=\"https:\/\/spvl.fr\/index.php\/11-col-de-la-gardette\/\" data-type=\"page\" data-id=\"209\">Col de la Gardette<\/a><br><a href=\"https:\/\/spvl.fr\/index.php\/10-le-piolit-se\/\" data-type=\"page\" data-id=\"206\">Le Piolit SE<\/a><br><a href=\"https:\/\/spvl.fr\/index.php\/9-le-piolit-sw\/\" data-type=\"page\" data-id=\"202\">Le Piolit SW<\/a><br><a href=\"https:\/\/spvl.fr\/index.php\/15-reallon-telesiege\/\" data-type=\"page\" data-id=\"225\">R\u00e9allon T\u00e9l\u00e9si\u00e8ge<\/a><br><a href=\"https:\/\/spvl.fr\/index.php\/12-les-maits\/\" data-type=\"page\" data-id=\"213\">Les Ma\u00efts<\/a><br><a href=\"https:\/\/spvl.fr\/index.php\/13-la-fourche-serriere-de-la-fourche-sur-les-cartes-ign\/\" data-type=\"page\" data-id=\"217\">La Fourche<\/a><br><a href=\"https:\/\/spvl.fr\/index.php\/14-pre-serrier\/\" data-type=\"page\" data-id=\"221\">Pr\u00e9 Serrier<\/a><br><a href=\"https:\/\/spvl.fr\/index.php\/16-la-batie-neuve-serre-leyglier-sur-les-cartes-ign-decollage-reserve-a-des-pilotes-experimentes\/\" data-type=\"page\" data-id=\"229\">La B\u00e2tie Neuve<\/a><\/p>\n\n\n\n<p><\/p>\n","protected":false},"excerpt":{"rendered":"<p>retrouvez ici la carte et les sites de vol ! Les atterrissages : Atterrissage du stade de ChorgesAtterrissage La Batie-Neuve Les d\u00e9collages : Serre Mich\u00e8leChamp FroidLes JambonsPra GastaLes BallonsLa CroixClot Rond\u2018\u2019Petit\u2019\u2019 Clot RondCol de la GardetteLe Piolit SELe Piolit SWR\u00e9allon T\u00e9l\u00e9si\u00e8geLes Ma\u00eftsLa FourchePr\u00e9 SerrierLa B\u00e2tie Neuve<\/p>\n","protected":false},"author":1,"featured_media":0,"parent":0,"menu_order":0,"comment_status":"closed","ping_status":"closed","template":"","meta":{"footnotes":""},"class_list":["post-358","page","type-page","status-publish","hentry"],"_links":{"self":[{"href":"https:\/\/spvl.fr\/index.php\/wp-json\/wp\/v2\/pages\/358","targetHints":{"allow":["GET"]}}],"collection":[{"href":"https:\/\/spvl.fr\/index.php\/wp-json\/wp\/v2\/pages"}],"about":[{"href":"https:\/\/spvl.fr\/index.php\/wp-json\/wp\/v2\/types\/page"}],"author":[{"embeddable":true,"href":"https:\/\/spvl.fr\/index.php\/wp-json\/wp\/v2\/users\/1"}],"replies":[{"embeddable":true,"href":"https:\/\/spvl.fr\/index.php\/wp-json\/wp\/v2\/comments?post=358"}],"version-history":[{"count":2,"href":"https:\/\/spvl.fr\/index.php\/wp-json\/wp\/v2\/pages\/358\/revisions"}],"predecessor-version":[{"id":364,"href":"https:\/\/spvl.fr\/index.php\/wp-json\/wp\/v2\/pages\/358\/revisions\/364"}],"wp:attachment":[{"href":"https:\/\/spvl.fr\/index.php\/wp-json\/wp\/v2\/media?parent=358"}],"curies":[{"name":"wp","href":"https:\/\/api.w.org\/{rel}","templated":true}]}}