{"id":357,"date":"2025-02-08T22:36:42","date_gmt":"2025-02-08T21:36:42","guid":{"rendered":"https:\/\/spvl.fr\/?page_id=357"},"modified":"2025-06-30T10:10:48","modified_gmt":"2025-06-30T08:10:48","slug":"le-club","status":"publish","type":"page","link":"https:\/\/spvl.fr\/index.php\/le-club\/","title":{"rendered":"Le club"},"content":{"rendered":"\n<p>\u00ab\u00a0Serre-Pon\u00e7on Vol Libre\u00a0\u00bb (SPVL) est un club de parapente rattach\u00e9 \u00e0 la F\u00e9d\u00e9ration Fran\u00e7aise de Vol Libre (FFVL).<\/p>\n\n\n\n<p>Il r\u00e9unit, dans une ambiance amicale, les parapentistes qui souhaitent voler autour du lac de Serre-Pon\u00e7on, principalement sur Chorges et ses environs.<\/p>\n\n\n\n<p>Le club a conventionn\u00e9 de nombreux d\u00e9collages et atterrissages sur les communes de Chorges, La B\u00e2tie-Neuve, R\u00e9allon et Savines-le-Lac.<\/p>\n\n\n\n<p>Rejoignez nous en adh\u00e9rant \u00e0 notre structure (adh\u00e9sion annuelle \u00e0 15\u20ac) <a href=\"https:\/\/intranet.ffvl.fr\/structure\/74\">ici<\/a>.<\/p>\n","protected":false},"excerpt":{"rendered":"<p>\u00ab\u00a0Serre-Pon\u00e7on Vol Libre\u00a0\u00bb (SPVL) est un club de parapente rattach\u00e9 \u00e0 la F\u00e9d\u00e9ration Fran\u00e7aise de Vol Libre (FFVL). Il r\u00e9unit, dans une ambiance amicale, les parapentistes qui souhaitent voler autour du lac de Serre-Pon\u00e7on, principalement sur Chorges et ses environs. Le club a conventionn\u00e9 de nombreux d\u00e9collages et atterrissages sur les communes de Chorges, La [&hellip;]<\/p>\n","protected":false},"author":1,"featured_media":0,"parent":0,"menu_order":0,"comment_status":"closed","ping_status":"closed","template":"","meta":{"footnotes":""},"class_list":["post-357","page","type-page","status-publish","hentry"],"_links":{"self":[{"href":"https:\/\/spvl.fr\/index.php\/wp-json\/wp\/v2\/pages\/357","targetHints":{"allow":["GET"]}}],"collection":[{"href":"https:\/\/spvl.fr\/index.php\/wp-json\/wp\/v2\/pages"}],"about":[{"href":"https:\/\/spvl.fr\/index.php\/wp-json\/wp\/v2\/types\/page"}],"author":[{"embeddable":true,"href":"https:\/\/spvl.fr\/index.php\/wp-json\/wp\/v2\/users\/1"}],"replies":[{"embeddable":true,"href":"https:\/\/spvl.fr\/index.php\/wp-json\/wp\/v2\/comments?post=357"}],"version-history":[{"count":5,"href":"https:\/\/spvl.fr\/index.php\/wp-json\/wp\/v2\/pages\/357\/revisions"}],"predecessor-version":[{"id":508,"href":"https:\/\/spvl.fr\/index.php\/wp-json\/wp\/v2\/pages\/357\/revisions\/508"}],"wp:attachment":[{"href":"https:\/\/spvl.fr\/index.php\/wp-json\/wp\/v2\/media?parent=357"}],"curies":[{"name":"wp","href":"https:\/\/api.w.org\/{rel}","templated":true}]}}