{"id":233,"date":"2019-10-19T16:56:39","date_gmt":"2019-10-19T14:56:39","guid":{"rendered":"http:\/\/serreponconvollibre.unblog.fr\/?page_id=233"},"modified":"2025-01-22T23:27:34","modified_gmt":"2025-01-22T22:27:34","slug":"1-atterrissage-du-stade-de-chorges","status":"publish","type":"page","link":"https:\/\/spvl.fr\/index.php\/1-atterrissage-du-stade-de-chorges\/","title":{"rendered":"Atterrissage du stade de Chorges"},"content":{"rendered":"<h2 style=\"text-align: center;\">Atterrissage du stade de Chorges<\/h2>\n<p>L\u2019atterrissage est orient\u00e9 NE\/SW et est situ\u00e9 entre la voie de chemin de fer et la nationale <a href=\"https:\/\/www.google.com\/maps\/place\/44%C2%B032'51.1%22N+6%C2%B016'00.3%22E\/@44.547514,6.2661113,157m\/data=!3m2!1e3!4b1!4m10!1m5!3m4!2zNDTCsDMzJzU1LjciTiA2wrAxMycwOS43IkU!8m2!3d44.5654722!4d6.2193611!3m3!8m2!3d44.547513!4d6.266755?entry=ttu&amp;g_ep=EgoyMDI1MDEyMC4wIKXMDSoASAFQAw%3D%3D\">(ici)<\/a>.<\/p>\n<p><b>Respecter les cultures cot\u00e9 Ouest<\/b><\/p>\n<p>Le terrain d\u2019atterrissage est limit\u00e9 cot\u00e9 ouest par la manche \u00e0 air et les cha\u00eenes rouges et blanches.<\/p>\n<p>Le matin\u00a0: brise descendante d\u2019Est, dans la matin\u00e9e la brise s\u2019oriente \u00e0 l\u2019Ouest.<\/p>\n<p>Attention au Mistral: consulter le Pioupiou de la Batie Neuve et <a href=\"https:\/\/www.Spotair.mobi\/\">https:\/\/www.Spotair.mobi<\/a><\/p>\n","protected":false},"excerpt":{"rendered":"<p>Atterrissage du stade de Chorges L\u2019atterrissage est orient\u00e9 NE\/SW et est situ\u00e9 entre la voie de chemin de fer et la nationale (ici). Respecter les cultures cot\u00e9 Ouest Le terrain d\u2019atterrissage est limit\u00e9 cot\u00e9 ouest par la manche \u00e0 air et les cha\u00eenes rouges et blanches. Le matin\u00a0: brise descendante d\u2019Est, dans la matin\u00e9e la [&hellip;]<\/p>\n","protected":false},"author":1,"featured_media":0,"parent":0,"menu_order":1,"comment_status":"closed","ping_status":"closed","template":"","meta":{"footnotes":""},"class_list":["post-233","page","type-page","status-publish","hentry"],"_links":{"self":[{"href":"https:\/\/spvl.fr\/index.php\/wp-json\/wp\/v2\/pages\/233","targetHints":{"allow":["GET"]}}],"collection":[{"href":"https:\/\/spvl.fr\/index.php\/wp-json\/wp\/v2\/pages"}],"about":[{"href":"https:\/\/spvl.fr\/index.php\/wp-json\/wp\/v2\/types\/page"}],"author":[{"embeddable":true,"href":"https:\/\/spvl.fr\/index.php\/wp-json\/wp\/v2\/users\/1"}],"replies":[{"embeddable":true,"href":"https:\/\/spvl.fr\/index.php\/wp-json\/wp\/v2\/comments?post=233"}],"version-history":[{"count":4,"href":"https:\/\/spvl.fr\/index.php\/wp-json\/wp\/v2\/pages\/233\/revisions"}],"predecessor-version":[{"id":304,"href":"https:\/\/spvl.fr\/index.php\/wp-json\/wp\/v2\/pages\/233\/revisions\/304"}],"wp:attachment":[{"href":"https:\/\/spvl.fr\/index.php\/wp-json\/wp\/v2\/media?parent=233"}],"curies":[{"name":"wp","href":"https:\/\/api.w.org\/{rel}","templated":true}]}}