{"id":229,"date":"2019-10-19T16:54:06","date_gmt":"2019-10-19T14:54:06","guid":{"rendered":"http:\/\/serreponconvollibre.unblog.fr\/?page_id=229"},"modified":"2025-01-22T23:39:36","modified_gmt":"2025-01-22T22:39:36","slug":"16-la-batie-neuve-serre-leyglier-sur-les-cartes-ign-decollage-reserve-a-des-pilotes-experimentes","status":"publish","type":"page","link":"https:\/\/spvl.fr\/index.php\/16-la-batie-neuve-serre-leyglier-sur-les-cartes-ign-decollage-reserve-a-des-pilotes-experimentes\/","title":{"rendered":"La B\u00e2tie Neuve"},"content":{"rendered":"<h1 style=\"text-align: center;\">La B\u00e2tie Neuve<\/h1>\n<p>\u2019\u2019 Serre L\u2019eyglier\u2019\u2019 sur les cartes IGN<\/p>\n<p>d\u00e9co SW, \u00e0 utiliser plut\u00f4t l\u2019apr\u00e8s midi, les brises vont s\u2019orienter du SE \u00e0 l\u2019W pendant la journ\u00e9e.<\/p>\n<p>D\u00e9co labellis\u00e9 FFVL, altitude 1600<\/p>\n<p><a href=\"https:\/\/www.google.com\/maps\/place\/44%C2%B035'02.5%22N+6%C2%B014'08.2%22E\/@44.5840228,6.2330351,628m\/data=!3m2!1e3!4b1!4m4!3m3!8m2!3d44.584019!4d6.23561?entry=ttu&amp;g_ep=EgoyMDI1MDEyMC4wIKXMDSoASAFQAw%3D%3D\">GPS\u00a0:44.584019 &#8211; 6.23561<\/a><\/p>\n<p>acc\u00e8s en voiture depuis la B\u00e2tie Neuve, via la piste cot\u00e9 Sud en mauvais \u00e9tat ou via la for\u00eat du Sapet cot\u00e9 Nord.<\/p>\n<p>Risque\u00a0:\u00a0 attention \u00e0 la ligne THT 220 000V, 300m sous le d\u00e9co (pas trop de risque si on ne gratte pas jusqu\u2019au sol)<\/p>\n<p>Attention au vent de N-NW de type Mistral (rafaleux)\u00a0; consulter absolument les pr\u00e9vis et les balises)<\/p>\n<p>Attention au d\u00e9co court et pentu, souvent tr\u00e8s aliment\u00e9.<\/p>\n","protected":false},"excerpt":{"rendered":"<p>La B\u00e2tie Neuve \u2019\u2019 Serre L\u2019eyglier\u2019\u2019 sur les cartes IGN d\u00e9co SW, \u00e0 utiliser plut\u00f4t l\u2019apr\u00e8s midi, les brises vont s\u2019orienter du SE \u00e0 l\u2019W pendant la journ\u00e9e. D\u00e9co labellis\u00e9 FFVL, altitude 1600 GPS\u00a0:44.584019 &#8211; 6.23561 acc\u00e8s en voiture depuis la B\u00e2tie Neuve, via la piste cot\u00e9 Sud en mauvais \u00e9tat ou via la for\u00eat [&hellip;]<\/p>\n","protected":false},"author":1,"featured_media":0,"parent":0,"menu_order":16,"comment_status":"closed","ping_status":"closed","template":"","meta":{"footnotes":""},"class_list":["post-229","page","type-page","status-publish","hentry"],"_links":{"self":[{"href":"https:\/\/spvl.fr\/index.php\/wp-json\/wp\/v2\/pages\/229","targetHints":{"allow":["GET"]}}],"collection":[{"href":"https:\/\/spvl.fr\/index.php\/wp-json\/wp\/v2\/pages"}],"about":[{"href":"https:\/\/spvl.fr\/index.php\/wp-json\/wp\/v2\/types\/page"}],"author":[{"embeddable":true,"href":"https:\/\/spvl.fr\/index.php\/wp-json\/wp\/v2\/users\/1"}],"replies":[{"embeddable":true,"href":"https:\/\/spvl.fr\/index.php\/wp-json\/wp\/v2\/comments?post=229"}],"version-history":[{"count":2,"href":"https:\/\/spvl.fr\/index.php\/wp-json\/wp\/v2\/pages\/229\/revisions"}],"predecessor-version":[{"id":318,"href":"https:\/\/spvl.fr\/index.php\/wp-json\/wp\/v2\/pages\/229\/revisions\/318"}],"wp:attachment":[{"href":"https:\/\/spvl.fr\/index.php\/wp-json\/wp\/v2\/media?parent=229"}],"curies":[{"name":"wp","href":"https:\/\/api.w.org\/{rel}","templated":true}]}}