{"id":193,"date":"2019-10-19T16:34:57","date_gmt":"2019-10-19T14:34:57","guid":{"rendered":"http:\/\/serreponconvollibre.unblog.fr\/?page_id=193"},"modified":"2025-01-22T23:33:00","modified_gmt":"2025-01-22T22:33:00","slug":"7-clot-rond","status":"publish","type":"page","link":"https:\/\/spvl.fr\/index.php\/7-clot-rond\/","title":{"rendered":"Clot Rond"},"content":{"rendered":"<h1 style=\"text-align: center;\">Clot Rond<\/h1>\n<p>d\u00e9co SW, \u00e0 utiliser plut\u00f4t le matin, les brises vont s\u2019orienter du SE \u00e0 l\u2019W pendant la journ\u00e9e.<\/p>\n<p>D\u00e9co sauvage, altitude 1995<\/p>\n<p><a href=\"https:\/\/www.google.com\/maps\/place\/44%C2%B035'42.1%22N+6%C2%B016'11.3%22E\/@44.5948326,6.2700549,111m\/data=!3m1!1e3!4m4!3m3!8m2!3d44.595035!4d6.269812?entry=ttu&amp;g_ep=EgoyMDI1MDEyMC4wIKXMDSoASAFQAw%3D%3D\">GPS\u00a0:44.595035 &#8211; 6.269812<\/a><\/p>\n<p>acc\u00e8s \u00e0 pied depuis Serre Michel (parking) via la cabane du berger, ou la barri\u00e8re du jardin des gardes (parking).<\/p>\n","protected":false},"excerpt":{"rendered":"<p>Clot Rond d\u00e9co SW, \u00e0 utiliser plut\u00f4t le matin, les brises vont s\u2019orienter du SE \u00e0 l\u2019W pendant la journ\u00e9e. D\u00e9co sauvage, altitude 1995 GPS\u00a0:44.595035 &#8211; 6.269812 acc\u00e8s \u00e0 pied depuis Serre Michel (parking) via la cabane du berger, ou la barri\u00e8re du jardin des gardes (parking).<\/p>\n","protected":false},"author":1,"featured_media":0,"parent":0,"menu_order":8,"comment_status":"closed","ping_status":"closed","template":"","meta":{"footnotes":""},"class_list":["post-193","page","type-page","status-publish","hentry"],"_links":{"self":[{"href":"https:\/\/spvl.fr\/index.php\/wp-json\/wp\/v2\/pages\/193","targetHints":{"allow":["GET"]}}],"collection":[{"href":"https:\/\/spvl.fr\/index.php\/wp-json\/wp\/v2\/pages"}],"about":[{"href":"https:\/\/spvl.fr\/index.php\/wp-json\/wp\/v2\/types\/page"}],"author":[{"embeddable":true,"href":"https:\/\/spvl.fr\/index.php\/wp-json\/wp\/v2\/users\/1"}],"replies":[{"embeddable":true,"href":"https:\/\/spvl.fr\/index.php\/wp-json\/wp\/v2\/comments?post=193"}],"version-history":[{"count":2,"href":"https:\/\/spvl.fr\/index.php\/wp-json\/wp\/v2\/pages\/193\/revisions"}],"predecessor-version":[{"id":309,"href":"https:\/\/spvl.fr\/index.php\/wp-json\/wp\/v2\/pages\/193\/revisions\/309"}],"wp:attachment":[{"href":"https:\/\/spvl.fr\/index.php\/wp-json\/wp\/v2\/media?parent=193"}],"curies":[{"name":"wp","href":"https:\/\/api.w.org\/{rel}","templated":true}]}}