{"id":158,"date":"2019-10-19T15:57:19","date_gmt":"2019-10-19T13:57:19","guid":{"rendered":"http:\/\/serreponconvollibre.unblog.fr\/?page_id=158"},"modified":"2025-01-22T23:23:46","modified_gmt":"2025-01-22T22:23:46","slug":"decollage-1sm","status":"publish","type":"page","link":"https:\/\/spvl.fr\/index.php\/decollage-1sm\/","title":{"rendered":"Serre Mich\u00e8le"},"content":{"rendered":"<h1 style=\"text-align: center;\">Serre Mich\u00e8le<\/h1>\n<p>d\u00e9co SE \u00e0 SW, \u00e0 utiliser plut\u00f4t le matin (ou en fin de matin\u00e9e pour tenter de sortir), les brises vont s\u2019orienter du SE \u00e0 l\u2019W pendant la journ\u00e9e.<\/p>\n<p>D\u00e9co labellis\u00e9 FFVL, altitude 1600<\/p>\n<p><a href=\"https:\/\/www.google.com\/maps\/place\/44%C2%B034'54.1%22N+6%C2%B016'51.8%22E\/@44.5816944,6.2810556,628m\/data=!3m2!1e3!4b1!4m4!3m3!8m2!3d44.5816944!4d6.2810556?entry=ttu&amp;g_ep=EgoyMDI1MDEyMC4wIKXMDSoASAFQAw%3D%3D\">GPS\u00a0:44.581705 &#8211; 6.281066<\/a><\/p>\n<p>acc\u00e8s en voiture (route puis piste sur la fin)<\/p>\n<p>&nbsp;<\/p>\n","protected":false},"excerpt":{"rendered":"<p>Serre Mich\u00e8le d\u00e9co SE \u00e0 SW, \u00e0 utiliser plut\u00f4t le matin (ou en fin de matin\u00e9e pour tenter de sortir), les brises vont s\u2019orienter du SE \u00e0 l\u2019W pendant la journ\u00e9e. D\u00e9co labellis\u00e9 FFVL, altitude 1600 GPS\u00a0:44.581705 &#8211; 6.281066 acc\u00e8s en voiture (route puis piste sur la fin) &nbsp;<\/p>\n","protected":false},"author":1,"featured_media":0,"parent":0,"menu_order":2,"comment_status":"closed","ping_status":"closed","template":"","meta":{"footnotes":""},"class_list":["post-158","page","type-page","status-publish","hentry"],"_links":{"self":[{"href":"https:\/\/spvl.fr\/index.php\/wp-json\/wp\/v2\/pages\/158","targetHints":{"allow":["GET"]}}],"collection":[{"href":"https:\/\/spvl.fr\/index.php\/wp-json\/wp\/v2\/pages"}],"about":[{"href":"https:\/\/spvl.fr\/index.php\/wp-json\/wp\/v2\/types\/page"}],"author":[{"embeddable":true,"href":"https:\/\/spvl.fr\/index.php\/wp-json\/wp\/v2\/users\/1"}],"replies":[{"embeddable":true,"href":"https:\/\/spvl.fr\/index.php\/wp-json\/wp\/v2\/comments?post=158"}],"version-history":[{"count":2,"href":"https:\/\/spvl.fr\/index.php\/wp-json\/wp\/v2\/pages\/158\/revisions"}],"predecessor-version":[{"id":301,"href":"https:\/\/spvl.fr\/index.php\/wp-json\/wp\/v2\/pages\/158\/revisions\/301"}],"wp:attachment":[{"href":"https:\/\/spvl.fr\/index.php\/wp-json\/wp\/v2\/media?parent=158"}],"curies":[{"name":"wp","href":"https:\/\/api.w.org\/{rel}","templated":true}]}}